{"id":2,"date":"2015-02-02T07:00:37","date_gmt":"2015-02-02T09:00:37","guid":{"rendered":"http:\/\/srv01.hospedagemcpanel.com.br\/~clebinhopro\/wp\/?page_id=2"},"modified":"2019-01-15T02:58:45","modified_gmt":"2019-01-15T04:58:45","slug":"pagina-exemplo","status":"publish","type":"page","link":"https:\/\/www.clebinho.pro.br\/wp\/?page_id=2","title":{"rendered":"Sobre o Blog"},"content":{"rendered":"<p style=\"text-align: justify;\">Este \u00e9 o\u00a0BLOG do Professor Clebinho. Independente, e onde colocaremos nosso conhecimento a servi\u00e7o de alunos (as), ex-alunos (as), amigos (as), cidad\u00e3os e interessados em geral.<\/p>\n<p style=\"text-align: justify;\">A proposta \u00e9 de que, semanalmente, teremos um texto que tenha a possibilidade de entrar no conte\u00fado program\u00e1tico do ENEM, de concursos p\u00fablicos ou que sirvam para o entendimento dos assuntos do cotidiano e na nossa conjuntura.<\/p>\n<p style=\"text-align: justify;\">Uma das motiva\u00e7\u00f5es deste blog \u00e9 que muitas pessoas, especialmente alunos, ficam com vergonha de perguntar coisas b\u00e1sicas. Parece que a nossa sociedade reprime quem quer aprender. Um grande problema cultural que o pa\u00eds enfrenta. Einstein dizia que <em>&#8221; &#8230; o importante \u00e9 n\u00e3o deixar de fazer perguntas &#8230;&#8221;<\/em>, e devemos concordar com ele, sempre.<\/p>\n<p style=\"text-align: justify;\">Teremos aqui, um espa\u00e7o que permite a criatividade, a curiosidade e as perguntas. Como sabemos que o tempo de todos \u00e9 escasso, faremos textos completos e objetivos.<\/p>\n<p style=\"text-align: justify;\">Outro diferencial ser\u00e3o os <em>hiperlinks<\/em>, onde transportaremos nossos leitores para outros sites renomados, onde ele poder\u00e1 complementar seus conhecimentos sobre cada tema.<\/p>\n<p style=\"text-align: justify;\">A ideia \u00e9 ampliar o conhecimento, tornando o ser humano mais cr\u00edtico e capaz de fazer a diferen\u00e7a na sociedade.<\/p>\n<p style=\"text-align: justify;\">Confiem no meu trabalho e sejam bem vindos !!!<\/p>\n<p style=\"text-align: justify;\">Twitter &#8211; @clebinhoTFC<\/p>\n<p style=\"text-align: justify;\"><a href=\"https:\/\/www.facebook.com\/Professorclebinho\/?ref=bookmarks\" target=\"_blank\" rel=\"noopener\">Facebook &#8211; FANPAGE<\/a><\/p>\n","protected":false},"excerpt":{"rendered":"<p>Este \u00e9 o\u00a0BLOG do Professor Clebinho. Independente, e onde colocaremos nosso conhecimento a servi\u00e7o de alunos (as), ex-alunos (as), amigos (as), cidad\u00e3os e interessados em geral. A proposta \u00e9 de que, semanalmente, teremos um texto que tenha a possibilidade de entrar no conte\u00fado program\u00e1tico do ENEM, de concursos p\u00fablicos ou que sirvam para o entendimento [&hellip;]<\/p>\n","protected":false},"author":1,"featured_media":2444,"parent":0,"menu_order":0,"comment_status":"open","ping_status":"open","template":"","meta":{"footnotes":""},"yoast_head":"<!-- This site is optimized with the Yoast SEO plugin v20.3 - https:\/\/yoast.com\/wordpress\/plugins\/seo\/ -->\n<title>Sobre o Blog - Blog do Professor Clebinho<\/title>\n<meta name=\"robots\" content=\"index, follow, max-snippet:-1, max-image-preview:large, max-video-preview:-1\" \/>\n<link rel=\"canonical\" href=\"https:\/\/www.clebinho.pro.br\/wp\/?page_id=2\" \/>\n<meta property=\"og:locale\" content=\"pt_BR\" \/>\n<meta property=\"og:type\" content=\"article\" \/>\n<meta property=\"og:title\" content=\"Sobre o Blog - Blog do Professor Clebinho\" \/>\n<meta property=\"og:description\" content=\"Este \u00e9 o\u00a0BLOG do Professor Clebinho. Independente, e onde colocaremos nosso conhecimento a servi\u00e7o de alunos (as), ex-alunos (as), amigos (as), cidad\u00e3os e interessados em geral. A proposta \u00e9 de que, semanalmente, teremos um texto que tenha a possibilidade de entrar no conte\u00fado program\u00e1tico do ENEM, de concursos p\u00fablicos ou que sirvam para o entendimento [&hellip;]\" \/>\n<meta property=\"og:url\" content=\"https:\/\/www.clebinho.pro.br\/wp\/?page_id=2\" \/>\n<meta property=\"og:site_name\" content=\"Blog do Professor Clebinho\" \/>\n<meta property=\"article:modified_time\" content=\"2019-01-15T04:58:45+00:00\" \/>\n<meta property=\"og:image\" content=\"https:\/\/clebinho.pro.br\/wp\/wp-content\/uploads\/2015\/09\/IMG-20150909-WA0000.jpg\" \/>\n\t<meta property=\"og:image:width\" content=\"550\" \/>\n\t<meta property=\"og:image:height\" content=\"275\" \/>\n\t<meta property=\"og:image:type\" content=\"image\/jpeg\" \/>\n<meta name=\"twitter:card\" content=\"summary_large_image\" \/>\n<meta name=\"twitter:label1\" content=\"Est. tempo de leitura\" \/>\n\t<meta name=\"twitter:data1\" content=\"1 minuto\" \/>\n<script type=\"application\/ld+json\" class=\"yoast-schema-graph\">{\"@context\":\"https:\/\/schema.org\",\"@graph\":[{\"@type\":\"WebPage\",\"@id\":\"https:\/\/www.clebinho.pro.br\/wp\/?page_id=2\",\"url\":\"https:\/\/www.clebinho.pro.br\/wp\/?page_id=2\",\"name\":\"Sobre o Blog - Blog do Professor Clebinho\",\"isPartOf\":{\"@id\":\"https:\/\/www.clebinho.pro.br\/wp\/#website\"},\"datePublished\":\"2015-02-02T09:00:37+00:00\",\"dateModified\":\"2019-01-15T04:58:45+00:00\",\"breadcrumb\":{\"@id\":\"https:\/\/www.clebinho.pro.br\/wp\/?page_id=2#breadcrumb\"},\"inLanguage\":\"pt-BR\",\"potentialAction\":[{\"@type\":\"ReadAction\",\"target\":[\"https:\/\/www.clebinho.pro.br\/wp\/?page_id=2\"]}]},{\"@type\":\"BreadcrumbList\",\"@id\":\"https:\/\/www.clebinho.pro.br\/wp\/?page_id=2#breadcrumb\",\"itemListElement\":[{\"@type\":\"ListItem\",\"position\":1,\"name\":\"In\u00edcio\",\"item\":\"https:\/\/www.clebinho.pro.br\/wp\"},{\"@type\":\"ListItem\",\"position\":2,\"name\":\"Sobre o Blog\"}]},{\"@type\":\"WebSite\",\"@id\":\"https:\/\/www.clebinho.pro.br\/wp\/#website\",\"url\":\"https:\/\/www.clebinho.pro.br\/wp\/\",\"name\":\"Blog do Professor Clebinho\",\"description\":\"Um espa\u00e7o virtual privilegiado oferecido pelo professor Clebinho, seus alunos, ex-alunos e demais interessados no debate de atualidades, hist\u00f3ria, geografia, geopolitica e meio ambiente\",\"potentialAction\":[{\"@type\":\"SearchAction\",\"target\":{\"@type\":\"EntryPoint\",\"urlTemplate\":\"https:\/\/www.clebinho.pro.br\/wp\/?s={search_term_string}\"},\"query-input\":\"required name=search_term_string\"}],\"inLanguage\":\"pt-BR\"}]}<\/script>\n<!-- \/ Yoast SEO plugin. -->","yoast_head_json":{"title":"Sobre o Blog - Blog do Professor Clebinho","robots":{"index":"index","follow":"follow","max-snippet":"max-snippet:-1","max-image-preview":"max-image-preview:large","max-video-preview":"max-video-preview:-1"},"canonical":"https:\/\/www.clebinho.pro.br\/wp\/?page_id=2","og_locale":"pt_BR","og_type":"article","og_title":"Sobre o Blog - Blog do Professor Clebinho","og_description":"Este \u00e9 o\u00a0BLOG do Professor Clebinho. Independente, e onde colocaremos nosso conhecimento a servi\u00e7o de alunos (as), ex-alunos (as), amigos (as), cidad\u00e3os e interessados em geral. A proposta \u00e9 de que, semanalmente, teremos um texto que tenha a possibilidade de entrar no conte\u00fado program\u00e1tico do ENEM, de concursos p\u00fablicos ou que sirvam para o entendimento [&hellip;]","og_url":"https:\/\/www.clebinho.pro.br\/wp\/?page_id=2","og_site_name":"Blog do Professor Clebinho","article_modified_time":"2019-01-15T04:58:45+00:00","og_image":[{"width":550,"height":275,"url":"https:\/\/clebinho.pro.br\/wp\/wp-content\/uploads\/2015\/09\/IMG-20150909-WA0000.jpg","type":"image\/jpeg"}],"twitter_card":"summary_large_image","twitter_misc":{"Est. tempo de leitura":"1 minuto"},"schema":{"@context":"https:\/\/schema.org","@graph":[{"@type":"WebPage","@id":"https:\/\/www.clebinho.pro.br\/wp\/?page_id=2","url":"https:\/\/www.clebinho.pro.br\/wp\/?page_id=2","name":"Sobre o Blog - Blog do Professor Clebinho","isPartOf":{"@id":"https:\/\/www.clebinho.pro.br\/wp\/#website"},"datePublished":"2015-02-02T09:00:37+00:00","dateModified":"2019-01-15T04:58:45+00:00","breadcrumb":{"@id":"https:\/\/www.clebinho.pro.br\/wp\/?page_id=2#breadcrumb"},"inLanguage":"pt-BR","potentialAction":[{"@type":"ReadAction","target":["https:\/\/www.clebinho.pro.br\/wp\/?page_id=2"]}]},{"@type":"BreadcrumbList","@id":"https:\/\/www.clebinho.pro.br\/wp\/?page_id=2#breadcrumb","itemListElement":[{"@type":"ListItem","position":1,"name":"In\u00edcio","item":"https:\/\/www.clebinho.pro.br\/wp"},{"@type":"ListItem","position":2,"name":"Sobre o Blog"}]},{"@type":"WebSite","@id":"https:\/\/www.clebinho.pro.br\/wp\/#website","url":"https:\/\/www.clebinho.pro.br\/wp\/","name":"Blog do Professor Clebinho","description":"Um espa\u00e7o virtual privilegiado oferecido pelo professor Clebinho, seus alunos, ex-alunos e demais interessados no debate de atualidades, hist\u00f3ria, geografia, geopolitica e meio ambiente","potentialAction":[{"@type":"SearchAction","target":{"@type":"EntryPoint","urlTemplate":"https:\/\/www.clebinho.pro.br\/wp\/?s={search_term_string}"},"query-input":"required name=search_term_string"}],"inLanguage":"pt-BR"}]}},"_links":{"self":[{"href":"https:\/\/www.clebinho.pro.br\/wp\/index.php?rest_route=\/wp\/v2\/pages\/2"}],"collection":[{"href":"https:\/\/www.clebinho.pro.br\/wp\/index.php?rest_route=\/wp\/v2\/pages"}],"about":[{"href":"https:\/\/www.clebinho.pro.br\/wp\/index.php?rest_route=\/wp\/v2\/types\/page"}],"author":[{"embeddable":true,"href":"https:\/\/www.clebinho.pro.br\/wp\/index.php?rest_route=\/wp\/v2\/users\/1"}],"replies":[{"embeddable":true,"href":"https:\/\/www.clebinho.pro.br\/wp\/index.php?rest_route=%2Fwp%2Fv2%2Fcomments&post=2"}],"version-history":[{"count":14,"href":"https:\/\/www.clebinho.pro.br\/wp\/index.php?rest_route=\/wp\/v2\/pages\/2\/revisions"}],"predecessor-version":[{"id":15002,"href":"https:\/\/www.clebinho.pro.br\/wp\/index.php?rest_route=\/wp\/v2\/pages\/2\/revisions\/15002"}],"wp:featuredmedia":[{"embeddable":true,"href":"https:\/\/www.clebinho.pro.br\/wp\/index.php?rest_route=\/wp\/v2\/media\/2444"}],"wp:attachment":[{"href":"https:\/\/www.clebinho.pro.br\/wp\/index.php?rest_route=%2Fwp%2Fv2%2Fmedia&parent=2"}],"curies":[{"name":"wp","href":"https:\/\/api.w.org\/{rel}","templated":true}]}}