{"id":35,"date":"2015-02-01T15:37:13","date_gmt":"2015-02-01T15:37:13","guid":{"rendered":"http:\/\/srv01.hospedagemcpanel.com.br\/~clebinhopro\/wp\/?page_id=35"},"modified":"2019-01-15T02:58:26","modified_gmt":"2019-01-15T04:58:26","slug":"blog-do-clebinho","status":"publish","type":"page","link":"https:\/\/www.clebinho.pro.br\/wp\/?page_id=35","title":{"rendered":"Apresenta\u00e7\u00e3o Pessoal"},"content":{"rendered":"<div id=\"attachment_52\" style=\"width: 298px\" class=\"wp-caption aligncenter\"><a href=\"https:\/\/clebinho.pro.br\/wp\/wp-content\/uploads\/2015\/02\/Apresentacao1.jpg\"><img loading=\"lazy\" decoding=\"async\" aria-describedby=\"caption-attachment-52\" class=\"size-medium wp-image-52\" src=\"https:\/\/clebinho.pro.br\/wp\/wp-content\/uploads\/2015\/02\/Apresentacao1-288x300.jpg\" alt=\"Professor Clebinho\" width=\"288\" height=\"300\" srcset=\"https:\/\/www.clebinho.pro.br\/wp\/wp-content\/uploads\/2015\/02\/Apresentacao1-288x300.jpg 288w, https:\/\/www.clebinho.pro.br\/wp\/wp-content\/uploads\/2015\/02\/Apresentacao1.jpg 477w\" sizes=\"(max-width: 288px) 100vw, 288px\" \/><\/a><p id=\"caption-attachment-52\" class=\"wp-caption-text\">Professor Clebinho<\/p><\/div>\n<p style=\"text-align: justify;\">Sou o\u00a0Cleber Braulio, mais conhecido como Clebinho. Formado em Geografia, pela UFMG, no ano de 2002.<\/p>\n<p style=\"text-align: justify;\">Atuo\u00a0como\u00a0professor de Geografia, Hist\u00f3ria e Atualidades. Trabalho em importantes col\u00e9gios particulares de Belo Horizonte h\u00e1 mais de\u00a016 anos.<\/p>\n<p style=\"text-align: justify;\">O objetivo deste blog \u00e9 ampliar as possibilidades de contato e troca de ideias a respeito dos principais assuntos geopol\u00edticos, econ\u00f4micos, sociais, ambientais e hist\u00f3ricos, que tenham relev\u00e2ncia para os alunos e cidad\u00e3os deste pa\u00eds.<\/p>\n<p style=\"text-align: justify;\">S\u00e3o todos textos autorais, elaborados a partir de anos de experi\u00eancia em\u00a0salas de aulas e pela atualiza\u00e7\u00e3o constante que me \u00e9 exigida.<\/p>\n<p style=\"text-align: justify;\">Para a formula\u00e7\u00e3o de cada texto, respeitados sites e materiais de apoio s\u00e3o consultados e\u00a0deixados na forma de <em>hiperlinks<\/em> como refer\u00eancias, caso o leitor queira se aprofundar ainda mais no assunto de cada post.<\/p>\n<p style=\"text-align: justify;\">Adicionalmente, espero que o blog sirva como fonte de refer\u00eancia e consulta\u00a0para meus alunos na\u00a0prepara\u00e7\u00e3o para o exame do ENEM, e que sirva de subs\u00eddio e motiva\u00e7\u00e3o para as pessoas que n\u00e3o tiveram a oportunidade de debater estes temas em redes sociais ou em sala de aula.<\/p>\n<p style=\"text-align: justify;\">O blog focar\u00e1 em conhecimentos gerais, para atender a\u00a0necessidade das pessoas entenderem melhor os acontecimentos, nem sempre esclarecidos imparcialmente e de forma objetiva pela m\u00eddia de massa.<\/p>\n<p style=\"text-align: justify;\">P.S. Antes que me perguntem, sou mineiro de Belo Horizonte, nascido em 1977 e torcedor apaixonado pelo Cruzeiro.<\/p>\n<p style=\"text-align: justify;\">Twitter &#8211; @clebinhoTFC<\/p>\n<p style=\"text-align: justify;\"><a href=\"https:\/\/www.facebook.com\/Professorclebinho\/?ref=bookmarks\" target=\"_blank\" rel=\"noopener noreferrer\">Facebook &#8211; FANPAGE\u00a0<\/a><\/p>\n","protected":false},"excerpt":{"rendered":"<p>Sou o\u00a0Cleber Braulio, mais conhecido como Clebinho. Formado em Geografia, pela UFMG, no ano de 2002. Atuo\u00a0como\u00a0professor de Geografia, Hist\u00f3ria e Atualidades. Trabalho em importantes col\u00e9gios particulares de Belo Horizonte h\u00e1 mais de\u00a016 anos. O objetivo deste blog \u00e9 ampliar as possibilidades de contato e troca de ideias a respeito dos principais assuntos geopol\u00edticos, econ\u00f4micos, [&hellip;]<\/p>\n","protected":false},"author":2,"featured_media":0,"parent":0,"menu_order":0,"comment_status":"open","ping_status":"open","template":"","meta":{"footnotes":""},"yoast_head":"<!-- This site is optimized with the Yoast SEO plugin v20.3 - https:\/\/yoast.com\/wordpress\/plugins\/seo\/ -->\n<title>Apresenta\u00e7\u00e3o Pessoal - Blog do Professor Clebinho<\/title>\n<meta name=\"robots\" content=\"index, follow, max-snippet:-1, max-image-preview:large, max-video-preview:-1\" \/>\n<link rel=\"canonical\" href=\"https:\/\/www.clebinho.pro.br\/wp\/?page_id=35\" \/>\n<meta property=\"og:locale\" content=\"pt_BR\" \/>\n<meta property=\"og:type\" content=\"article\" \/>\n<meta property=\"og:title\" content=\"Apresenta\u00e7\u00e3o Pessoal - Blog do Professor Clebinho\" \/>\n<meta property=\"og:description\" content=\"Sou o\u00a0Cleber Braulio, mais conhecido como Clebinho. Formado em Geografia, pela UFMG, no ano de 2002. Atuo\u00a0como\u00a0professor de Geografia, Hist\u00f3ria e Atualidades. Trabalho em importantes col\u00e9gios particulares de Belo Horizonte h\u00e1 mais de\u00a016 anos. O objetivo deste blog \u00e9 ampliar as possibilidades de contato e troca de ideias a respeito dos principais assuntos geopol\u00edticos, econ\u00f4micos, [&hellip;]\" \/>\n<meta property=\"og:url\" content=\"https:\/\/www.clebinho.pro.br\/wp\/?page_id=35\" \/>\n<meta property=\"og:site_name\" content=\"Blog do Professor Clebinho\" \/>\n<meta property=\"article:modified_time\" content=\"2019-01-15T04:58:26+00:00\" \/>\n<meta property=\"og:image\" content=\"https:\/\/clebinho.pro.br\/wp\/wp-content\/uploads\/2015\/02\/Apresentacao1-288x300.jpg\" \/>\n<meta name=\"twitter:card\" content=\"summary_large_image\" \/>\n<meta name=\"twitter:label1\" content=\"Est. tempo de leitura\" \/>\n\t<meta name=\"twitter:data1\" content=\"1 minuto\" \/>\n<script type=\"application\/ld+json\" class=\"yoast-schema-graph\">{\"@context\":\"https:\/\/schema.org\",\"@graph\":[{\"@type\":\"WebPage\",\"@id\":\"https:\/\/www.clebinho.pro.br\/wp\/?page_id=35\",\"url\":\"https:\/\/www.clebinho.pro.br\/wp\/?page_id=35\",\"name\":\"Apresenta\u00e7\u00e3o Pessoal - Blog do Professor Clebinho\",\"isPartOf\":{\"@id\":\"https:\/\/www.clebinho.pro.br\/wp\/#website\"},\"datePublished\":\"2015-02-01T15:37:13+00:00\",\"dateModified\":\"2019-01-15T04:58:26+00:00\",\"breadcrumb\":{\"@id\":\"https:\/\/www.clebinho.pro.br\/wp\/?page_id=35#breadcrumb\"},\"inLanguage\":\"pt-BR\",\"potentialAction\":[{\"@type\":\"ReadAction\",\"target\":[\"https:\/\/www.clebinho.pro.br\/wp\/?page_id=35\"]}]},{\"@type\":\"BreadcrumbList\",\"@id\":\"https:\/\/www.clebinho.pro.br\/wp\/?page_id=35#breadcrumb\",\"itemListElement\":[{\"@type\":\"ListItem\",\"position\":1,\"name\":\"In\u00edcio\",\"item\":\"https:\/\/www.clebinho.pro.br\/wp\"},{\"@type\":\"ListItem\",\"position\":2,\"name\":\"Apresenta\u00e7\u00e3o Pessoal\"}]},{\"@type\":\"WebSite\",\"@id\":\"https:\/\/www.clebinho.pro.br\/wp\/#website\",\"url\":\"https:\/\/www.clebinho.pro.br\/wp\/\",\"name\":\"Blog do Professor Clebinho\",\"description\":\"Um espa\u00e7o virtual privilegiado oferecido pelo professor Clebinho, seus alunos, ex-alunos e demais interessados no debate de atualidades, hist\u00f3ria, geografia, geopolitica e meio ambiente\",\"potentialAction\":[{\"@type\":\"SearchAction\",\"target\":{\"@type\":\"EntryPoint\",\"urlTemplate\":\"https:\/\/www.clebinho.pro.br\/wp\/?s={search_term_string}\"},\"query-input\":\"required name=search_term_string\"}],\"inLanguage\":\"pt-BR\"}]}<\/script>\n<!-- \/ Yoast SEO plugin. -->","yoast_head_json":{"title":"Apresenta\u00e7\u00e3o Pessoal - Blog do Professor Clebinho","robots":{"index":"index","follow":"follow","max-snippet":"max-snippet:-1","max-image-preview":"max-image-preview:large","max-video-preview":"max-video-preview:-1"},"canonical":"https:\/\/www.clebinho.pro.br\/wp\/?page_id=35","og_locale":"pt_BR","og_type":"article","og_title":"Apresenta\u00e7\u00e3o Pessoal - Blog do Professor Clebinho","og_description":"Sou o\u00a0Cleber Braulio, mais conhecido como Clebinho. Formado em Geografia, pela UFMG, no ano de 2002. Atuo\u00a0como\u00a0professor de Geografia, Hist\u00f3ria e Atualidades. Trabalho em importantes col\u00e9gios particulares de Belo Horizonte h\u00e1 mais de\u00a016 anos. O objetivo deste blog \u00e9 ampliar as possibilidades de contato e troca de ideias a respeito dos principais assuntos geopol\u00edticos, econ\u00f4micos, [&hellip;]","og_url":"https:\/\/www.clebinho.pro.br\/wp\/?page_id=35","og_site_name":"Blog do Professor Clebinho","article_modified_time":"2019-01-15T04:58:26+00:00","og_image":[{"url":"https:\/\/clebinho.pro.br\/wp\/wp-content\/uploads\/2015\/02\/Apresentacao1-288x300.jpg"}],"twitter_card":"summary_large_image","twitter_misc":{"Est. tempo de leitura":"1 minuto"},"schema":{"@context":"https:\/\/schema.org","@graph":[{"@type":"WebPage","@id":"https:\/\/www.clebinho.pro.br\/wp\/?page_id=35","url":"https:\/\/www.clebinho.pro.br\/wp\/?page_id=35","name":"Apresenta\u00e7\u00e3o Pessoal - Blog do Professor Clebinho","isPartOf":{"@id":"https:\/\/www.clebinho.pro.br\/wp\/#website"},"datePublished":"2015-02-01T15:37:13+00:00","dateModified":"2019-01-15T04:58:26+00:00","breadcrumb":{"@id":"https:\/\/www.clebinho.pro.br\/wp\/?page_id=35#breadcrumb"},"inLanguage":"pt-BR","potentialAction":[{"@type":"ReadAction","target":["https:\/\/www.clebinho.pro.br\/wp\/?page_id=35"]}]},{"@type":"BreadcrumbList","@id":"https:\/\/www.clebinho.pro.br\/wp\/?page_id=35#breadcrumb","itemListElement":[{"@type":"ListItem","position":1,"name":"In\u00edcio","item":"https:\/\/www.clebinho.pro.br\/wp"},{"@type":"ListItem","position":2,"name":"Apresenta\u00e7\u00e3o Pessoal"}]},{"@type":"WebSite","@id":"https:\/\/www.clebinho.pro.br\/wp\/#website","url":"https:\/\/www.clebinho.pro.br\/wp\/","name":"Blog do Professor Clebinho","description":"Um espa\u00e7o virtual privilegiado oferecido pelo professor Clebinho, seus alunos, ex-alunos e demais interessados no debate de atualidades, hist\u00f3ria, geografia, geopolitica e meio ambiente","potentialAction":[{"@type":"SearchAction","target":{"@type":"EntryPoint","urlTemplate":"https:\/\/www.clebinho.pro.br\/wp\/?s={search_term_string}"},"query-input":"required name=search_term_string"}],"inLanguage":"pt-BR"}]}},"_links":{"self":[{"href":"https:\/\/www.clebinho.pro.br\/wp\/index.php?rest_route=\/wp\/v2\/pages\/35"}],"collection":[{"href":"https:\/\/www.clebinho.pro.br\/wp\/index.php?rest_route=\/wp\/v2\/pages"}],"about":[{"href":"https:\/\/www.clebinho.pro.br\/wp\/index.php?rest_route=\/wp\/v2\/types\/page"}],"author":[{"embeddable":true,"href":"https:\/\/www.clebinho.pro.br\/wp\/index.php?rest_route=\/wp\/v2\/users\/2"}],"replies":[{"embeddable":true,"href":"https:\/\/www.clebinho.pro.br\/wp\/index.php?rest_route=%2Fwp%2Fv2%2Fcomments&post=35"}],"version-history":[{"count":32,"href":"https:\/\/www.clebinho.pro.br\/wp\/index.php?rest_route=\/wp\/v2\/pages\/35\/revisions"}],"predecessor-version":[{"id":15001,"href":"https:\/\/www.clebinho.pro.br\/wp\/index.php?rest_route=\/wp\/v2\/pages\/35\/revisions\/15001"}],"wp:attachment":[{"href":"https:\/\/www.clebinho.pro.br\/wp\/index.php?rest_route=%2Fwp%2Fv2%2Fmedia&parent=35"}],"curies":[{"name":"wp","href":"https:\/\/api.w.org\/{rel}","templated":true}]}}